{"id":13,"date":"2019-11-25T18:24:39","date_gmt":"2019-11-25T18:24:39","guid":{"rendered":"https:\/\/tidansvf.vattenorg.se\/?page_id=13"},"modified":"2023-07-01T13:14:21","modified_gmt":"2023-07-01T13:14:21","slug":"kontakt","status":"publish","type":"page","link":"https:\/\/tidansvf.vattenorg.se\/?page_id=13","title":{"rendered":"Kontakt"},"content":{"rendered":"\n<h3 class=\"wp-block-heading\">Styrelsen <\/h3>\n\n\n\n<p>Ingemar Lindsk\u00f6ld \u00e4r verksamhetsledare i f\u00f6rbundet. Ingemar arbetar p\u00e5 Milj\u00f6- och byggnadsf\u00f6rvaltningen i Mariestad och kan n\u00e5s p\u00e5 f\u00f6ljande telefonnr\/adress:<\/p>\n\n\n\n<p>Tfn: 0501-756 044<\/p>\n\n\n\n<p>Verksamhet milj\u00f6 och bygg<br>542 86 Mariestad<\/p>\n\n\n\n<p>ingemar.lindskold snabela mariestad.se<\/p>\n\n\n\n<p>En lista p\u00e5 de som ing\u00e5r i styrelsen kan laddas ned <a target='_blank'      href='https:\/\/tidansvf.vattenorg.se\/?wpdmdl=434'>h\u00e4r<\/a>.<\/p>\n","protected":false},"excerpt":{"rendered":"<p>Styrelsen Ingemar Lindsk\u00f6ld \u00e4r verksamhetsledare i f\u00f6rbundet. Ingemar arbetar p\u00e5 Milj\u00f6- och byggnadsf\u00f6rvaltningen i Mariestad och kan n\u00e5s p\u00e5 f\u00f6ljande telefonnr\/adress: Tfn: 0501-756 044 Verksamhet milj\u00f6 och bygg542 86 Mariestad ingemar.lindskold snabela mariestad.se En lista p\u00e5 de som ing\u00e5r i styrelsen kan laddas ned .<\/p>\n","protected":false},"author":1,"featured_media":0,"parent":0,"menu_order":5,"comment_status":"closed","ping_status":"closed","template":"","meta":{"footnotes":""},"class_list":["post-13","page","type-page","status-publish","hentry"],"_links":{"self":[{"href":"https:\/\/tidansvf.vattenorg.se\/index.php?rest_route=\/wp\/v2\/pages\/13","targetHints":{"allow":["GET"]}}],"collection":[{"href":"https:\/\/tidansvf.vattenorg.se\/index.php?rest_route=\/wp\/v2\/pages"}],"about":[{"href":"https:\/\/tidansvf.vattenorg.se\/index.php?rest_route=\/wp\/v2\/types\/page"}],"author":[{"embeddable":true,"href":"https:\/\/tidansvf.vattenorg.se\/index.php?rest_route=\/wp\/v2\/users\/1"}],"replies":[{"embeddable":true,"href":"https:\/\/tidansvf.vattenorg.se\/index.php?rest_route=%2Fwp%2Fv2%2Fcomments&post=13"}],"version-history":[{"count":12,"href":"https:\/\/tidansvf.vattenorg.se\/index.php?rest_route=\/wp\/v2\/pages\/13\/revisions"}],"predecessor-version":[{"id":668,"href":"https:\/\/tidansvf.vattenorg.se\/index.php?rest_route=\/wp\/v2\/pages\/13\/revisions\/668"}],"wp:attachment":[{"href":"https:\/\/tidansvf.vattenorg.se\/index.php?rest_route=%2Fwp%2Fv2%2Fmedia&parent=13"}],"curies":[{"name":"wp","href":"https:\/\/api.w.org\/{rel}","templated":true}]}}