{"id":15,"date":"2019-11-25T18:25:51","date_gmt":"2019-11-25T18:25:51","guid":{"rendered":"https:\/\/tidansvf.vattenorg.se\/?page_id=15"},"modified":"2022-12-10T12:15:37","modified_gmt":"2022-12-10T12:15:37","slug":"ladda-ner-ovriga","status":"publish","type":"page","link":"https:\/\/tidansvf.vattenorg.se\/?page_id=15","title":{"rendered":"\u00d6vriga dokument"},"content":{"rendered":"\n<div class='w3eden'>\n    <div class=''>\n\n        \n        <div id=\"content_wpdm_package_1\">\n            <div class='row'><div class='col-lg-12 col-md-6 col-12'><div class=\"link-template-default card mb-2\">\n    <div class=\"card-body\">\n        <div class=\"media\">\n            <div class=\"mr-3 img-48\"><img decoding=\"async\" class=\"wpdm_icon\" alt=\"Icon\"   src=\"https:\/\/tidansvf.vattenorg.se\/wp-content\/plugins\/download-manager\/assets\/file-type-icons\/pdf.svg\" \/><\/div>\n            <div class=\"media-body\">\n                <strong class=\"ptitle\">Fakta om Tidan<\/strong>\n                <div class=\"text-muted text-small\">\n                     <i class=\"fas fa-hdd color-green\"><\/i> Filstorlek: 157.89 KB\n                     <i class=\"fas fa-copy ml-3 color-blue\"><\/i> Antal nedladdningar: 2126 <br>\n                     <span>Laddades upp: november 26, 2019<\/span><br>\n                     <span><a href=\"https:\/\/tidansvf.vattenorg.se\/?wpdmpro=fakta-om-tidan\">Sammanfattande info om Tidans avrinningsomr\u00e5de\n... Klicka h\u00e4r f\u00f6r mer info!<\/a><\/span>\n                <\/div>\n            <\/div>\n            <div class=\"ml-3\">\n                <a class='wpdm-download-link download-on-click btn btn-primary btn-sm'  rel='nofollow' href='#' data-downloadurl=\"https:\/\/tidansvf.vattenorg.se\/?wpdmpro=fakta-om-tidan&wpdmdl=69&refresh=69e444a65c0561776567462\">Ladda ned<\/a>\n            <\/div>\n        <\/div>\n    <\/div>\n<\/div>\n\n<\/div><div class='col-lg-12 col-md-6 col-12'><div class=\"link-template-default card mb-2\">\n    <div class=\"card-body\">\n        <div class=\"media\">\n            <div class=\"mr-3 img-48\"><img decoding=\"async\" class=\"wpdm_icon\" alt=\"Icon\"   src=\"https:\/\/tidansvf.vattenorg.se\/wp-content\/plugins\/download-manager\/assets\/file-type-icons\/pdf.svg\" \/><\/div>\n            <div class=\"media-body\">\n                <strong class=\"ptitle\">Kottholmen<\/strong>\n                <div class=\"text-muted text-small\">\n                     <i class=\"fas fa-hdd color-green\"><\/i> Filstorlek: 1.55 MB\n                     <i class=\"fas fa-copy ml-3 color-blue\"><\/i> Antal nedladdningar: 1727 <br>\n                     <span>Laddades upp: november 26, 2019<\/span><br>\n                     <span><a href=\"https:\/\/tidansvf.vattenorg.se\/?wpdmpro=kottholmen\">Inventering av biologisk m\u00e5ngfald sommaren 2013\n... Klicka h\u00e4r f\u00f6r mer info!<\/a><\/span>\n                <\/div>\n            <\/div>\n            <div class=\"ml-3\">\n                <a class='wpdm-download-link download-on-click btn btn-primary btn-sm'  rel='nofollow' href='#' data-downloadurl=\"https:\/\/tidansvf.vattenorg.se\/?wpdmpro=kottholmen&wpdmdl=71&refresh=69e444a672e731776567462\">Ladda ned<\/a>\n            <\/div>\n        <\/div>\n    <\/div>\n<\/div>\n\n<\/div><div class='col-lg-12 col-md-6 col-12'><div class=\"link-template-default card mb-2\">\n    <div class=\"card-body\">\n        <div class=\"media\">\n            <div class=\"mr-3 img-48\"><img decoding=\"async\" class=\"wpdm_icon\" alt=\"Icon\"   src=\"https:\/\/tidansvf.vattenorg.se\/wp-content\/plugins\/download-manager\/assets\/file-type-icons\/pdf.svg\" \/><\/div>\n            <div class=\"media-body\">\n                <strong class=\"ptitle\">Vandringshinder i Tidan<\/strong>\n                <div class=\"text-muted text-small\">\n                     <i class=\"fas fa-hdd color-green\"><\/i> Filstorlek: 9.94 MB\n                     <i class=\"fas fa-copy ml-3 color-blue\"><\/i> Antal nedladdningar: 1213 <br>\n                     <span>Laddades upp: november 29, 2019<\/span><br>\n                     <span><a href=\"https:\/\/tidansvf.vattenorg.se\/?wpdmpro=vandringshinder-i-tidan\">LST-rapport om vandringshinder f\u00f6r bland annat fisk\n... Klicka h\u00e4r f\u00f6r mer info!<\/a><\/span>\n                <\/div>\n            <\/div>\n            <div class=\"ml-3\">\n                <a class='wpdm-download-link download-on-click btn btn-primary btn-sm'  rel='nofollow' href='#' data-downloadurl=\"https:\/\/tidansvf.vattenorg.se\/?wpdmpro=vandringshinder-i-tidan&wpdmdl=97&refresh=69e444a6886951776567462\">Ladda ned<\/a>\n            <\/div>\n        <\/div>\n    <\/div>\n<\/div>\n\n<\/div><div class='col-lg-12 col-md-6 col-12'><div class=\"link-template-default card mb-2\">\n    <div class=\"card-body\">\n        <div class=\"media\">\n            <div class=\"mr-3 img-48\"><img decoding=\"async\" class=\"wpdm_icon\" alt=\"Icon\"   src=\"https:\/\/tidansvf.vattenorg.se\/wp-content\/plugins\/download-manager\/assets\/file-type-icons\/pdf.svg\" \/><\/div>\n            <div class=\"media-body\">\n                <strong class=\"ptitle\">Str\u00f6mprovfiske i Tidan<\/strong>\n                <div class=\"text-muted text-small\">\n                     <i class=\"fas fa-hdd color-green\"><\/i> Filstorlek: 9.60 MB\n                     <i class=\"fas fa-copy ml-3 color-blue\"><\/i> Antal nedladdningar: 886 <br>\n                     <span>Laddades upp: december 21, 2019<\/span><br>\n                     <span><a href=\"https:\/\/tidansvf.vattenorg.se\/?wpdmpro=stromprovfiske-i-tidan\">Terra-Limno gruppen AB - Str\u00f6mprovfiske i Tidan augusti... Klicka h\u00e4r f\u00f6r mer info!<\/a><\/span>\n                <\/div>\n            <\/div>\n            <div class=\"ml-3\">\n                <a class='wpdm-download-link download-on-click btn btn-primary btn-sm'  rel='nofollow' href='#' data-downloadurl=\"https:\/\/tidansvf.vattenorg.se\/?wpdmpro=stromprovfiske-i-tidan&wpdmdl=102&refresh=69e444a6a02351776567462\">Ladda ned<\/a>\n            <\/div>\n        <\/div>\n    <\/div>\n<\/div>\n\n<\/div><div class='col-lg-12 col-md-6 col-12'><div class=\"link-template-default card mb-2\">\n    <div class=\"card-body\">\n        <div class=\"media\">\n            <div class=\"mr-3 img-48\"><img decoding=\"async\" class=\"wpdm_icon\" alt=\"Icon\"   src=\"https:\/\/tidansvf.vattenorg.se\/wp-content\/plugins\/download-manager\/assets\/file-type-icons\/pdf.svg\" \/><\/div>\n            <div class=\"media-body\">\n                <strong class=\"ptitle\">Vattenr\u00e5dets verksamhet 2019<\/strong>\n                <div class=\"text-muted text-small\">\n                     <i class=\"fas fa-hdd color-green\"><\/i> Filstorlek: 107.45 KB\n                     <i class=\"fas fa-copy ml-3 color-blue\"><\/i> Antal nedladdningar: 1430 <br>\n                     <span>Laddades upp: december 22, 2019<\/span><br>\n                     <span><a href=\"https:\/\/tidansvf.vattenorg.se\/?wpdmpro=vattenradets-verksamhet-2019\">Tidans Vattenf\u00f6rbund \u00e4r sedan 2007 \u00e4ven vattenr\u00e5d... Klicka h\u00e4r f\u00f6r mer info!<\/a><\/span>\n                <\/div>\n            <\/div>\n            <div class=\"ml-3\">\n                <a class='wpdm-download-link download-on-click btn btn-primary btn-sm'  rel='nofollow' href='#' data-downloadurl=\"https:\/\/tidansvf.vattenorg.se\/?wpdmpro=vattenradets-verksamhet-2019&wpdmdl=113&refresh=69e444a6b7b3c1776567462\">Ladda ned<\/a>\n            <\/div>\n        <\/div>\n    <\/div>\n<\/div>\n\n<\/div><div class='col-lg-12 col-md-6 col-12'><div class=\"link-template-default card mb-2\">\n    <div class=\"card-body\">\n        <div class=\"media\">\n            <div class=\"mr-3 img-48\"><img decoding=\"async\" class=\"wpdm_icon\" alt=\"Icon\"   src=\"https:\/\/tidansvf.vattenorg.se\/wp-content\/plugins\/download-manager\/assets\/file-type-icons\/pdf.svg\" \/><\/div>\n            <div class=\"media-body\">\n                <strong class=\"ptitle\">Naturv\u00e4rden i Tidan<\/strong>\n                <div class=\"text-muted text-small\">\n                     <i class=\"fas fa-hdd color-green\"><\/i> Filstorlek: 110.13 KB\n                     <i class=\"fas fa-copy ml-3 color-blue\"><\/i> Antal nedladdningar: 1737 <br>\n                     <span>Laddades upp: december 22, 2019<\/span><br>\n                     <span><a href=\"https:\/\/tidansvf.vattenorg.se\/?wpdmpro=naturvarden-i-tidan\">H\u00f6ga naturv\u00e4rden karakteriserar stora delar av Tidan... Klicka h\u00e4r f\u00f6r mer info!<\/a><\/span>\n                <\/div>\n            <\/div>\n            <div class=\"ml-3\">\n                <a class='wpdm-download-link download-on-click btn btn-primary btn-sm'  rel='nofollow' href='#' data-downloadurl=\"https:\/\/tidansvf.vattenorg.se\/?wpdmpro=naturvarden-i-tidan&wpdmdl=246&refresh=69e444a6ce9371776567462\">Ladda ned<\/a>\n            <\/div>\n        <\/div>\n    <\/div>\n<\/div>\n\n<\/div><div class='col-lg-12 col-md-6 col-12'><div class=\"link-template-default card mb-2\">\n    <div class=\"card-body\">\n        <div class=\"media\">\n            <div class=\"mr-3 img-48\"><img decoding=\"async\" class=\"wpdm_icon\" alt=\"Icon\"   src=\"https:\/\/tidansvf.vattenorg.se\/wp-content\/plugins\/download-manager\/assets\/file-type-icons\/pdf.svg\" \/><\/div>\n            <div class=\"media-body\">\n                <strong class=\"ptitle\">Limnia: Bottenfauna i \u00d6san<\/strong>\n                <div class=\"text-muted text-small\">\n                     <i class=\"fas fa-hdd color-green\"><\/i> Filstorlek: 7.45 MB\n                     <i class=\"fas fa-copy ml-3 color-blue\"><\/i> Antal nedladdningar: 1922 <br>\n                     <span>Laddades upp: december 23, 2019<\/span><br>\n                     <span><a href=\"https:\/\/tidansvf.vattenorg.se\/?wpdmpro=limnia-bottenfauna-i-osan\">Bottenfauna i \u00d6san med bifl\u00f6den\nMargareta Setterberg\n2014-07-24\n... Klicka h\u00e4r f\u00f6r mer info!<\/a><\/span>\n                <\/div>\n            <\/div>\n            <div class=\"ml-3\">\n                <a class='wpdm-download-link download-on-click btn btn-primary btn-sm'  rel='nofollow' href='#' data-downloadurl=\"https:\/\/tidansvf.vattenorg.se\/?wpdmpro=limnia-bottenfauna-i-osan&wpdmdl=249&refresh=69e444a6e3e7c1776567462\">Ladda ned<\/a>\n            <\/div>\n        <\/div>\n    <\/div>\n<\/div>\n\n<\/div><div class='col-lg-12 col-md-6 col-12'><div class=\"link-template-default card mb-2\">\n    <div class=\"card-body\">\n        <div class=\"media\">\n            <div class=\"mr-3 img-48\"><img decoding=\"async\" class=\"wpdm_icon\" alt=\"Icon\"   src=\"https:\/\/tidansvf.vattenorg.se\/wp-content\/plugins\/download-manager\/assets\/file-type-icons\/pdf.svg\" \/><\/div>\n            <div class=\"media-body\">\n                <strong class=\"ptitle\">Limnia: Vattenkemiprovtagning \u00d6san<\/strong>\n                <div class=\"text-muted text-small\">\n                     <i class=\"fas fa-hdd color-green\"><\/i> Filstorlek: 6.51 MB\n                     <i class=\"fas fa-copy ml-3 color-blue\"><\/i> Antal nedladdningar: 1567 <br>\n                     <span>Laddades upp: december 23, 2019<\/span><br>\n                     <span><a href=\"https:\/\/tidansvf.vattenorg.se\/?wpdmpro=limnia-vattenkemiprovtagning-osan\">Vattenkemiprovtagning \u00d6san med bifl\u00f6den 2014 - 2015\nMargareta... Klicka h\u00e4r f\u00f6r mer info!<\/a><\/span>\n                <\/div>\n            <\/div>\n            <div class=\"ml-3\">\n                <a class='wpdm-download-link download-on-click btn btn-primary btn-sm'  rel='nofollow' href='#' data-downloadurl=\"https:\/\/tidansvf.vattenorg.se\/?wpdmpro=limnia-vattenkemiprovtagning-osan&wpdmdl=251&refresh=69e444a707d001776567463\">Ladda ned<\/a>\n            <\/div>\n        <\/div>\n    <\/div>\n<\/div>\n\n<\/div><div class='col-lg-12 col-md-6 col-12'><div class=\"link-template-default card mb-2\">\n    <div class=\"card-body\">\n        <div class=\"media\">\n            <div class=\"mr-3 img-48\"><img decoding=\"async\" class=\"wpdm_icon\" alt=\"Icon\"   src=\"https:\/\/tidansvf.vattenorg.se\/wp-content\/plugins\/download-manager\/assets\/file-type-icons\/pdf.svg\" \/><\/div>\n            <div class=\"media-body\">\n                <strong class=\"ptitle\">Sweco: hydraulisk ber\u00e4kningsmodell \u00f6ver Tidan<\/strong>\n                <div class=\"text-muted text-small\">\n                     <i class=\"fas fa-hdd color-green\"><\/i> Filstorlek: 1.71 MB\n                     <i class=\"fas fa-copy ml-3 color-blue\"><\/i> Antal nedladdningar: 1408 <br>\n                     <span>Laddades upp: december 23, 2019<\/span><br>\n                     <span><a href=\"https:\/\/tidansvf.vattenorg.se\/?wpdmpro=sweco-hydraulisk-berakningsmodell-over-tidan\">Tidan kompletterande ber\u00e4kning - schaktning\nUppdragsnummer... Klicka h\u00e4r f\u00f6r mer info!<\/a><\/span>\n                <\/div>\n            <\/div>\n            <div class=\"ml-3\">\n                <a class='wpdm-download-link download-on-click btn btn-primary btn-sm'  rel='nofollow' href='#' data-downloadurl=\"https:\/\/tidansvf.vattenorg.se\/?wpdmpro=sweco-hydraulisk-berakningsmodell-over-tidan&wpdmdl=253&refresh=69e444a71e08c1776567463\">Ladda ned<\/a>\n            <\/div>\n        <\/div>\n    <\/div>\n<\/div>\n\n<\/div><div class='col-lg-12 col-md-6 col-12'><div class=\"link-template-default card mb-2\">\n    <div class=\"card-body\">\n        <div class=\"media\">\n            <div class=\"mr-3 img-48\"><img decoding=\"async\" class=\"wpdm_icon\" alt=\"Icon\"   src=\"https:\/\/tidansvf.vattenorg.se\/wp-content\/plugins\/download-manager\/assets\/file-type-icons\/pdf.svg\" \/><\/div>\n            <div class=\"media-body\">\n                <strong class=\"ptitle\">\u00d6rnborg Kyrkander: Makrofyter i Tidan<\/strong>\n                <div class=\"text-muted text-small\">\n                     <i class=\"fas fa-hdd color-green\"><\/i> Filstorlek: 2.25 MB\n                     <i class=\"fas fa-copy ml-3 color-blue\"><\/i> Antal nedladdningar: 1131 <br>\n                     <span>Laddades upp: december 23, 2019<\/span><br>\n                     <span><a href=\"https:\/\/tidansvf.vattenorg.se\/?wpdmpro=ornborg-kyrkander-makrofyter-i-tidan\">Inventering av makrofyter i Tidans avrinningsomr\u00e5de... Klicka h\u00e4r f\u00f6r mer info!<\/a><\/span>\n                <\/div>\n            <\/div>\n            <div class=\"ml-3\">\n                <a class='wpdm-download-link download-on-click btn btn-primary btn-sm'  rel='nofollow' href='#' data-downloadurl=\"https:\/\/tidansvf.vattenorg.se\/?wpdmpro=ornborg-kyrkander-makrofyter-i-tidan&wpdmdl=255&refresh=69e444a7335f41776567463\">Ladda ned<\/a>\n            <\/div>\n        <\/div>\n    <\/div>\n<\/div>\n\n<\/div><\/div>            <div style='clear:both'><\/div><div class='text-center'><ul class='pagination wpdm-pagination pagination-centered text-center'><li><span aria-current=\"page\" class=\"page-numbers current\">1<\/span><\/li><li><a  data-container='#content_wpdm_package_1' class=\"page-numbers\" href=\"https:\/\/tidansvf.vattenorg.se\/index.php\/?cp=2&#038;rest_route=%2Fwp%2Fv2%2Fpages%2F15\">2<\/a><\/li><li><a  data-container='#content_wpdm_package_1' class=\"page-numbers\" href=\"https:\/\/tidansvf.vattenorg.se\/index.php\/?cp=3&#038;rest_route=%2Fwp%2Fv2%2Fpages%2F15\">3<\/a><\/li><li><a  data-container='#content_wpdm_package_1' class=\"page-numbers\" href=\"https:\/\/tidansvf.vattenorg.se\/index.php\/?cp=4&#038;rest_route=%2Fwp%2Fv2%2Fpages%2F15\">4<\/a><\/li><li><a  data-container='#content_wpdm_package_1' class=\"next page-numbers\" href=\"https:\/\/tidansvf.vattenorg.se\/index.php\/?cp=2&#038;rest_route=%2Fwp%2Fv2%2Fpages%2F15\"> <i style=\"display: inline-block;width: 8px;height: 8px;border-right: 2px solid;border-top: 2px solid;transform: rotate(45deg);margin-left: -2px;margin-top: -2px;\"><\/i> <\/a><\/li><\/ul><\/div><div style='clear:both'><\/div>        <\/div>\n\n        <div style='clear:both'><\/div>\n    <\/div>\n<\/div>\n\n\n\n\n<p><\/p>\n","protected":false},"excerpt":{"rendered":"","protected":false},"author":1,"featured_media":0,"parent":80,"menu_order":5,"comment_status":"closed","ping_status":"closed","template":"","meta":{"footnotes":""},"class_list":["post-15","page","type-page","status-publish","hentry"],"_links":{"self":[{"href":"https:\/\/tidansvf.vattenorg.se\/index.php?rest_route=\/wp\/v2\/pages\/15","targetHints":{"allow":["GET"]}}],"collection":[{"href":"https:\/\/tidansvf.vattenorg.se\/index.php?rest_route=\/wp\/v2\/pages"}],"about":[{"href":"https:\/\/tidansvf.vattenorg.se\/index.php?rest_route=\/wp\/v2\/types\/page"}],"author":[{"embeddable":true,"href":"https:\/\/tidansvf.vattenorg.se\/index.php?rest_route=\/wp\/v2\/users\/1"}],"replies":[{"embeddable":true,"href":"https:\/\/tidansvf.vattenorg.se\/index.php?rest_route=%2Fwp%2Fv2%2Fcomments&post=15"}],"version-history":[{"count":20,"href":"https:\/\/tidansvf.vattenorg.se\/index.php?rest_route=\/wp\/v2\/pages\/15\/revisions"}],"predecessor-version":[{"id":296,"href":"https:\/\/tidansvf.vattenorg.se\/index.php?rest_route=\/wp\/v2\/pages\/15\/revisions\/296"}],"up":[{"embeddable":true,"href":"https:\/\/tidansvf.vattenorg.se\/index.php?rest_route=\/wp\/v2\/pages\/80"}],"wp:attachment":[{"href":"https:\/\/tidansvf.vattenorg.se\/index.php?rest_route=%2Fwp%2Fv2%2Fmedia&parent=15"}],"curies":[{"name":"wp","href":"https:\/\/api.w.org\/{rel}","templated":true}]}}