{"id":228,"date":"2019-12-22T21:04:22","date_gmt":"2019-12-22T21:04:22","guid":{"rendered":"https:\/\/tidansvf.vattenorg.se\/?page_id=228"},"modified":"2022-12-10T12:15:31","modified_gmt":"2022-12-10T12:15:31","slug":"arsrapporter","status":"publish","type":"page","link":"https:\/\/tidansvf.vattenorg.se\/?page_id=228","title":{"rendered":"\u00c5rsrapporter"},"content":{"rendered":"\n<div class='w3eden'>\n    <div class=''>\n\n        \n        <div id=\"content_wpdm_package_1\">\n            <div class='row'><div class='col-lg-12 col-md-6 col-12'><div class=\"link-template-default card mb-2\">\n    <div class=\"card-body\">\n        <div class=\"media\">\n            <div class=\"mr-3 img-48\"><img decoding=\"async\" class=\"wpdm_icon\" alt=\"Icon\"   src=\"https:\/\/tidansvf.vattenorg.se\/wp-content\/plugins\/download-manager\/assets\/file-type-icons\/pdf.svg\" \/><\/div>\n            <div class=\"media-body\">\n                <strong class=\"ptitle\">Slutrapport LONA<\/strong>\n                <div class=\"text-muted text-small\">\n                     <i class=\"fas fa-hdd color-green\"><\/i> Filstorlek: 1.12 MB\n                     <i class=\"fas fa-copy ml-3 color-blue\"><\/i> Antal nedladdningar: 1 <br>\n                     <span>Laddades upp: april 17, 2026<\/span><br>\n                     <span><a href=\"https:\/\/tidansvf.vattenorg.se\/?wpdmpro=slutrapport-lona\">Sammanst\u00e4llning av vattenf\u00f6rb\u00e4ttrande \u00e5tg\u00e4rder... Klicka h\u00e4r f\u00f6r mer info!<\/a><\/span>\n                <\/div>\n            <\/div>\n            <div class=\"ml-3\">\n                <a class='wpdm-download-link download-on-click btn btn-primary btn-sm'  rel='nofollow' href='#' data-downloadurl=\"https:\/\/tidansvf.vattenorg.se\/?wpdmpro=slutrapport-lona&wpdmdl=846&refresh=69e34f198b4051776504601\">Ladda ner<\/a>\n            <\/div>\n        <\/div>\n    <\/div>\n<\/div>\n\n<\/div><div class='col-lg-12 col-md-6 col-12'><div class=\"link-template-default card mb-2\">\n    <div class=\"card-body\">\n        <div class=\"media\">\n            <div class=\"mr-3 img-48\"><img decoding=\"async\" class=\"wpdm_icon\" alt=\"Icon\"   src=\"https:\/\/tidansvf.vattenorg.se\/wp-content\/plugins\/download-manager\/assets\/file-type-icons\/pdf.svg\" \/><\/div>\n            <div class=\"media-body\">\n                <strong class=\"ptitle\">\u00c5rsrapport 2025 \u2013 sammanfattning<\/strong>\n                <div class=\"text-muted text-small\">\n                     <i class=\"fas fa-hdd color-green\"><\/i> Filstorlek: 3.99 MB\n                     <i class=\"fas fa-copy ml-3 color-blue\"><\/i> Antal nedladdningar: 32 <br>\n                     <span>Laddades upp: mars 3, 2026<\/span><br>\n                     <span><a href=\"https:\/\/tidansvf.vattenorg.se\/?wpdmpro=arsrapport-2025-sammanfattning\">Kortfattad rapport\n... Klicka h\u00e4r f\u00f6r mer info!<\/a><\/span>\n                <\/div>\n            <\/div>\n            <div class=\"ml-3\">\n                <a class='wpdm-download-link download-on-click btn btn-primary btn-sm'  rel='nofollow' href='#' data-downloadurl=\"https:\/\/tidansvf.vattenorg.se\/?wpdmpro=arsrapport-2025-sammanfattning&wpdmdl=811&refresh=69e34f19b6afc1776504601\">Ladda ner<\/a>\n            <\/div>\n        <\/div>\n    <\/div>\n<\/div>\n\n<\/div><div class='col-lg-12 col-md-6 col-12'><div class=\"link-template-default card mb-2\">\n    <div class=\"card-body\">\n        <div class=\"media\">\n            <div class=\"mr-3 img-48\"><img decoding=\"async\" class=\"wpdm_icon\" alt=\"Icon\"   src=\"https:\/\/tidansvf.vattenorg.se\/wp-content\/plugins\/download-manager\/assets\/file-type-icons\/pdf.svg\" \/><\/div>\n            <div class=\"media-body\">\n                <strong class=\"ptitle\">Tidans SRK \u00e5rsrapport 2025<\/strong>\n                <div class=\"text-muted text-small\">\n                     <i class=\"fas fa-hdd color-green\"><\/i> Filstorlek: 34.36 MB\n                     <i class=\"fas fa-copy ml-3 color-blue\"><\/i> Antal nedladdningar: 21 <br>\n                     <span>Laddades upp: mars 3, 2026<\/span><br>\n                     <span><a href=\"https:\/\/tidansvf.vattenorg.se\/?wpdmpro=tidans-srk-arsrapport-2025\">SGS Analytics Sweden AB\n... Klicka h\u00e4r f\u00f6r mer info!<\/a><\/span>\n                <\/div>\n            <\/div>\n            <div class=\"ml-3\">\n                <a class='wpdm-download-link download-on-click btn btn-primary btn-sm'  rel='nofollow' href='#' data-downloadurl=\"https:\/\/tidansvf.vattenorg.se\/?wpdmpro=tidans-srk-arsrapport-2025&wpdmdl=810&refresh=69e34f19f10691776504601\">Ladda ner<\/a>\n            <\/div>\n        <\/div>\n    <\/div>\n<\/div>\n\n<\/div><div class='col-lg-12 col-md-6 col-12'><div class=\"link-template-default card mb-2\">\n    <div class=\"card-body\">\n        <div class=\"media\">\n            <div class=\"mr-3 img-48\"><img decoding=\"async\" class=\"wpdm_icon\" alt=\"Icon\"   src=\"https:\/\/tidansvf.vattenorg.se\/wp-content\/plugins\/download-manager\/assets\/file-type-icons\/pdf.svg\" \/><\/div>\n            <div class=\"media-body\">\n                <strong class=\"ptitle\">Tidans SRK \u00e5rsrapport 2024<\/strong>\n                <div class=\"text-muted text-small\">\n                     <i class=\"fas fa-hdd color-green\"><\/i> Filstorlek: 5.00 MB\n                     <i class=\"fas fa-copy ml-3 color-blue\"><\/i> Antal nedladdningar: 55 <br>\n                     <span>Laddades upp: november 2, 2025<\/span><br>\n                     <span><a href=\"https:\/\/tidansvf.vattenorg.se\/?wpdmpro=tidans-srk-2024\">SGS Analytics Sweden AB\n... Klicka h\u00e4r f\u00f6r mer info!<\/a><\/span>\n                <\/div>\n            <\/div>\n            <div class=\"ml-3\">\n                <a class='wpdm-download-link download-on-click btn btn-primary btn-sm'  rel='nofollow' href='#' data-downloadurl=\"https:\/\/tidansvf.vattenorg.se\/?wpdmpro=tidans-srk-2024&wpdmdl=801&refresh=69e34f1a1bcb21776504602\">Ladda ner<\/a>\n            <\/div>\n        <\/div>\n    <\/div>\n<\/div>\n\n<\/div><div class='col-lg-12 col-md-6 col-12'><div class=\"link-template-default card mb-2\">\n    <div class=\"card-body\">\n        <div class=\"media\">\n            <div class=\"mr-3 img-48\"><img decoding=\"async\" class=\"wpdm_icon\" alt=\"Icon\"   src=\"https:\/\/tidansvf.vattenorg.se\/wp-content\/plugins\/download-manager\/assets\/file-type-icons\/pdf.svg\" \/><\/div>\n            <div class=\"media-body\">\n                <strong class=\"ptitle\">\u00c5rsrapport 2024 - sammanfattning<\/strong>\n                <div class=\"text-muted text-small\">\n                     <i class=\"fas fa-hdd color-green\"><\/i> Filstorlek: 589.31 KB\n                     <i class=\"fas fa-copy ml-3 color-blue\"><\/i> Antal nedladdningar: 55 <br>\n                     <span>Laddades upp: november 2, 2025<\/span><br>\n                     <span><a href=\"https:\/\/tidansvf.vattenorg.se\/?wpdmpro=arsrapport-2024-sammanfattning\">SGS Analytics Sweden AB\n... Klicka h\u00e4r f\u00f6r mer info!<\/a><\/span>\n                <\/div>\n            <\/div>\n            <div class=\"ml-3\">\n                <a class='wpdm-download-link download-on-click btn btn-primary btn-sm'  rel='nofollow' href='#' data-downloadurl=\"https:\/\/tidansvf.vattenorg.se\/?wpdmpro=arsrapport-2024-sammanfattning&wpdmdl=795&refresh=69e34f1a3c82f1776504602\">Ladda ner<\/a>\n            <\/div>\n        <\/div>\n    <\/div>\n<\/div>\n\n<\/div><div class='col-lg-12 col-md-6 col-12'><div class=\"link-template-default card mb-2\">\n    <div class=\"card-body\">\n        <div class=\"media\">\n            <div class=\"mr-3 img-48\"><img decoding=\"async\" class=\"wpdm_icon\" alt=\"Icon\"   src=\"https:\/\/tidansvf.vattenorg.se\/wp-content\/plugins\/download-manager\/assets\/file-type-icons\/pdf.svg\" \/><\/div>\n            <div class=\"media-body\">\n                <strong class=\"ptitle\">Tidans SRK kortversion 2023<\/strong>\n                <div class=\"text-muted text-small\">\n                     <i class=\"fas fa-hdd color-green\"><\/i> Filstorlek: 694.17 KB\n                     <i class=\"fas fa-copy ml-3 color-blue\"><\/i> Antal nedladdningar: 487 <br>\n                     <span>Laddades upp: april 11, 2024<\/span><br>\n                     <span><a href=\"https:\/\/tidansvf.vattenorg.se\/?wpdmpro=tidans-srk-kortversion-2023\">... Klicka h\u00e4r f\u00f6r mer info!<\/a><\/span>\n                <\/div>\n            <\/div>\n            <div class=\"ml-3\">\n                <a class='wpdm-download-link download-on-click btn btn-primary btn-sm'  rel='nofollow' href='#' data-downloadurl=\"https:\/\/tidansvf.vattenorg.se\/?wpdmpro=tidans-srk-kortversion-2023&wpdmdl=746&refresh=69e34f1a5bc6f1776504602\">Ladda ned<\/a>\n            <\/div>\n        <\/div>\n    <\/div>\n<\/div>\n\n<\/div><div class='col-lg-12 col-md-6 col-12'><div class=\"link-template-default card mb-2\">\n    <div class=\"card-body\">\n        <div class=\"media\">\n            <div class=\"mr-3 img-48\"><img decoding=\"async\" class=\"wpdm_icon\" alt=\"Icon\"   src=\"https:\/\/tidansvf.vattenorg.se\/wp-content\/plugins\/download-manager\/assets\/file-type-icons\/pdf.svg\" \/><\/div>\n            <div class=\"media-body\">\n                <strong class=\"ptitle\">Tidans SRK \u00e5rsrapport 2023<\/strong>\n                <div class=\"text-muted text-small\">\n                     <i class=\"fas fa-hdd color-green\"><\/i> Filstorlek: 2.32 MB\n                     <i class=\"fas fa-copy ml-3 color-blue\"><\/i> Antal nedladdningar: 437 <br>\n                     <span>Laddades upp: april 11, 2024<\/span><br>\n                     <span><a href=\"https:\/\/tidansvf.vattenorg.se\/?wpdmpro=tidans-srk-arsrapport-2023\">... Klicka h\u00e4r f\u00f6r mer info!<\/a><\/span>\n                <\/div>\n            <\/div>\n            <div class=\"ml-3\">\n                <a class='wpdm-download-link download-on-click btn btn-primary btn-sm'  rel='nofollow' href='#' data-downloadurl=\"https:\/\/tidansvf.vattenorg.se\/?wpdmpro=tidans-srk-arsrapport-2023&wpdmdl=745&refresh=69e34f1a7848e1776504602\">Ladda ned<\/a>\n            <\/div>\n        <\/div>\n    <\/div>\n<\/div>\n\n<\/div><div class='col-lg-12 col-md-6 col-12'><div class=\"link-template-default card mb-2\">\n    <div class=\"card-body\">\n        <div class=\"media\">\n            <div class=\"mr-3 img-48\"><img decoding=\"async\" class=\"wpdm_icon\" alt=\"Icon\"   src=\"https:\/\/tidansvf.vattenorg.se\/wp-content\/plugins\/download-manager\/assets\/file-type-icons\/pdf.svg\" \/><\/div>\n            <div class=\"media-body\">\n                <strong class=\"ptitle\">Tidans SRK 2022 kortversion<\/strong>\n                <div class=\"text-muted text-small\">\n                     <i class=\"fas fa-hdd color-green\"><\/i> Filstorlek: 0.00 KB\n                     <i class=\"fas fa-copy ml-3 color-blue\"><\/i> Antal nedladdningar:  <br>\n                     <span>Laddades upp: maj 6, 2023<\/span><br>\n                     <span><a href=\"https:\/\/tidansvf.vattenorg.se\/?wpdmpro=tidans-srk-2020-kortversion-2\">... Klicka h\u00e4r f\u00f6r mer info!<\/a><\/span>\n                <\/div>\n            <\/div>\n            <div class=\"ml-3\">\n                <a class='wpdm-download-link download-on-click btn btn-primary btn-sm'  rel='nofollow' href='#' data-downloadurl=\"https:\/\/tidansvf.vattenorg.se\/?wpdmpro=tidans-srk-2020-kortversion-2&wpdmdl=654&refresh=69e34f1a943791776504602\">Ladda ned<\/a>\n            <\/div>\n        <\/div>\n    <\/div>\n<\/div>\n\n<\/div><div class='col-lg-12 col-md-6 col-12'><div class=\"link-template-default card mb-2\">\n    <div class=\"card-body\">\n        <div class=\"media\">\n            <div class=\"mr-3 img-48\"><img decoding=\"async\" class=\"wpdm_icon\" alt=\"Icon\"   src=\"https:\/\/tidansvf.vattenorg.se\/wp-content\/plugins\/download-manager\/assets\/file-type-icons\/pdf.svg\" \/><\/div>\n            <div class=\"media-body\">\n                <strong class=\"ptitle\">Tidans SRK \u00e5rsrapport 2022<\/strong>\n                <div class=\"text-muted text-small\">\n                     <i class=\"fas fa-hdd color-green\"><\/i> Filstorlek: 7.25 MB\n                     <i class=\"fas fa-copy ml-3 color-blue\"><\/i> Antal nedladdningar: 857 <br>\n                     <span>Laddades upp: maj 6, 2023<\/span><br>\n                     <span><a href=\"https:\/\/tidansvf.vattenorg.se\/?wpdmpro=tidans-srk-arsrapport-2022\">... Klicka h\u00e4r f\u00f6r mer info!<\/a><\/span>\n                <\/div>\n            <\/div>\n            <div class=\"ml-3\">\n                <a class='wpdm-download-link download-on-click btn btn-primary btn-sm'  rel='nofollow' href='#' data-downloadurl=\"https:\/\/tidansvf.vattenorg.se\/?wpdmpro=tidans-srk-arsrapport-2022&wpdmdl=651&refresh=69e34f1ab506b1776504602\">Ladda ned<\/a>\n            <\/div>\n        <\/div>\n    <\/div>\n<\/div>\n\n<\/div><div class='col-lg-12 col-md-6 col-12'><div class=\"link-template-default card mb-2\">\n    <div class=\"card-body\">\n        <div class=\"media\">\n            <div class=\"mr-3 img-48\"><img decoding=\"async\" class=\"wpdm_icon\" alt=\"Icon\"   src=\"https:\/\/tidansvf.vattenorg.se\/wp-content\/plugins\/download-manager\/assets\/file-type-icons\/pdf.svg\" \/><\/div>\n            <div class=\"media-body\">\n                <strong class=\"ptitle\">Tidans SRK \u00e5rsrapport 2021<\/strong>\n                <div class=\"text-muted text-small\">\n                     <i class=\"fas fa-hdd color-green\"><\/i> Filstorlek: 18.63 MB\n                     <i class=\"fas fa-copy ml-3 color-blue\"><\/i> Antal nedladdningar: 687 <br>\n                     <span>Laddades upp: april 18, 2022<\/span><br>\n                     <span><a href=\"https:\/\/tidansvf.vattenorg.se\/?wpdmpro=tidans-srk-arsrapport-2021\">Unders\u00f6kningar i Tidans avrinningsomr\u00e5de 2021\n... Klicka h\u00e4r f\u00f6r mer info!<\/a><\/span>\n                <\/div>\n            <\/div>\n            <div class=\"ml-3\">\n                <a class='wpdm-download-link download-on-click btn btn-primary btn-sm'  rel='nofollow' href='#' data-downloadurl=\"https:\/\/tidansvf.vattenorg.se\/?wpdmpro=tidans-srk-arsrapport-2021&wpdmdl=571&refresh=69e34f1ae94881776504602\">Ladda ned<\/a>\n            <\/div>\n        <\/div>\n    <\/div>\n<\/div>\n\n<\/div><\/div>            <div style='clear:both'><\/div><div class='text-center'><ul class='pagination wpdm-pagination pagination-centered text-center'><li><span aria-current=\"page\" class=\"page-numbers current\">1<\/span><\/li><li><a  data-container='#content_wpdm_package_1' class=\"page-numbers\" href=\"https:\/\/tidansvf.vattenorg.se\/index.php\/?cp=2&#038;rest_route=%2Fwp%2Fv2%2Fpages%2F228\">2<\/a><\/li><li><a  data-container='#content_wpdm_package_1' class=\"page-numbers\" href=\"https:\/\/tidansvf.vattenorg.se\/index.php\/?cp=3&#038;rest_route=%2Fwp%2Fv2%2Fpages%2F228\">3<\/a><\/li><li><span class=\"page-numbers dots\">&hellip;<\/span><\/li><li><a  data-container='#content_wpdm_package_1' class=\"page-numbers\" href=\"https:\/\/tidansvf.vattenorg.se\/index.php\/?cp=5&#038;rest_route=%2Fwp%2Fv2%2Fpages%2F228\">5<\/a><\/li><li><a  data-container='#content_wpdm_package_1' class=\"page-numbers\" href=\"https:\/\/tidansvf.vattenorg.se\/index.php\/?cp=6&#038;rest_route=%2Fwp%2Fv2%2Fpages%2F228\">6<\/a><\/li><li><a  data-container='#content_wpdm_package_1' class=\"next page-numbers\" href=\"https:\/\/tidansvf.vattenorg.se\/index.php\/?cp=2&#038;rest_route=%2Fwp%2Fv2%2Fpages%2F228\"> <i style=\"display: inline-block;width: 8px;height: 8px;border-right: 2px solid;border-top: 2px solid;transform: rotate(45deg);margin-left: -2px;margin-top: -2px;\"><\/i> <\/a><\/li><\/ul><\/div><div style='clear:both'><\/div>        <\/div>\n\n        <div style='clear:both'><\/div>\n    <\/div>\n<\/div>\n\n","protected":false},"excerpt":{"rendered":"","protected":false},"author":1,"featured_media":0,"parent":80,"menu_order":4,"comment_status":"closed","ping_status":"closed","template":"","meta":{"footnotes":""},"class_list":["post-228","page","type-page","status-publish","hentry"],"_links":{"self":[{"href":"https:\/\/tidansvf.vattenorg.se\/index.php?rest_route=\/wp\/v2\/pages\/228","targetHints":{"allow":["GET"]}}],"collection":[{"href":"https:\/\/tidansvf.vattenorg.se\/index.php?rest_route=\/wp\/v2\/pages"}],"about":[{"href":"https:\/\/tidansvf.vattenorg.se\/index.php?rest_route=\/wp\/v2\/types\/page"}],"author":[{"embeddable":true,"href":"https:\/\/tidansvf.vattenorg.se\/index.php?rest_route=\/wp\/v2\/users\/1"}],"replies":[{"embeddable":true,"href":"https:\/\/tidansvf.vattenorg.se\/index.php?rest_route=%2Fwp%2Fv2%2Fcomments&post=228"}],"version-history":[{"count":5,"href":"https:\/\/tidansvf.vattenorg.se\/index.php?rest_route=\/wp\/v2\/pages\/228\/revisions"}],"predecessor-version":[{"id":293,"href":"https:\/\/tidansvf.vattenorg.se\/index.php?rest_route=\/wp\/v2\/pages\/228\/revisions\/293"}],"up":[{"embeddable":true,"href":"https:\/\/tidansvf.vattenorg.se\/index.php?rest_route=\/wp\/v2\/pages\/80"}],"wp:attachment":[{"href":"https:\/\/tidansvf.vattenorg.se\/index.php?rest_route=%2Fwp%2Fv2%2Fmedia&parent=228"}],"curies":[{"name":"wp","href":"https:\/\/api.w.org\/{rel}","templated":true}]}}