{"id":236,"date":"2019-12-22T21:18:04","date_gmt":"2019-12-22T21:18:04","guid":{"rendered":"https:\/\/tidansvf.vattenorg.se\/?page_id=236"},"modified":"2019-12-25T16:10:15","modified_gmt":"2019-12-25T16:10:15","slug":"foredrag","status":"publish","type":"page","link":"https:\/\/tidansvf.vattenorg.se\/?page_id=236","title":{"rendered":"F\u00f6redrag"},"content":{"rendered":"\n<div class='w3eden'>\n    <div class=''>\n\n        \n        <div id=\"content_wpdm_package_1\">\n            <div class='row'><div class='col-lg-12 col-md-6 col-12'><div class=\"link-template-default card mb-2\">\n    <div class=\"card-body\">\n        <div class=\"media\">\n            <div class=\"mr-3 img-48\"><img decoding=\"async\" class=\"wpdm_icon\" alt=\"Icon\"   src=\"https:\/\/tidansvf.vattenorg.se\/wp-content\/plugins\/download-manager\/assets\/file-type-icons\/pdf.svg\" \/><\/div>\n            <div class=\"media-body\">\n                <strong class=\"ptitle\">VA-problem i Tidan<\/strong>\n                <div class=\"text-muted text-small\">\n                     <i class=\"fas fa-hdd color-green\"><\/i> Filstorlek: 804.21 KB\n                     <i class=\"fas fa-copy ml-3 color-blue\"><\/i> Antal nedladdningar: 1384 <br>\n                     <span>Laddades upp: december 22, 2019<\/span><br>\n                     <span><a href=\"https:\/\/tidansvf.vattenorg.se\/?wpdmpro=va-problem-i-tidan\">V\u00e5ra VA-problem i Tidan kopplade till \u00e5n Tidan och... Klicka h\u00e4r f\u00f6r mer info!<\/a><\/span>\n                <\/div>\n            <\/div>\n            <div class=\"ml-3\">\n                <a class='wpdm-download-link download-on-click btn btn-primary btn-sm'  rel='nofollow' href='#' data-downloadurl=\"https:\/\/tidansvf.vattenorg.se\/?wpdmpro=va-problem-i-tidan&wpdmdl=120&refresh=69f63732708e61777743666\">Ladda ned<\/a>\n            <\/div>\n        <\/div>\n    <\/div>\n<\/div>\n\n<\/div><div class='col-lg-12 col-md-6 col-12'><div class=\"link-template-default card mb-2\">\n    <div class=\"card-body\">\n        <div class=\"media\">\n            <div class=\"mr-3 img-48\"><img decoding=\"async\" class=\"wpdm_icon\" alt=\"Icon\"   src=\"https:\/\/tidansvf.vattenorg.se\/wp-content\/plugins\/download-manager\/assets\/file-type-icons\/pdf.svg\" \/><\/div>\n            <div class=\"media-body\">\n                <strong class=\"ptitle\">L\u00e4nsf\u00f6rs\u00e4kringars syn p\u00e5 klimatfr\u00e5gan<\/strong>\n                <div class=\"text-muted text-small\">\n                     <i class=\"fas fa-hdd color-green\"><\/i> Filstorlek: 2.35 MB\n                     <i class=\"fas fa-copy ml-3 color-blue\"><\/i> Antal nedladdningar: 1200 <br>\n                     <span>Laddades upp: december 22, 2019<\/span><br>\n                     <span><a href=\"https:\/\/tidansvf.vattenorg.se\/?wpdmpro=lansforsakringars-syn-pa-klimatfragan\">Hur ser L\u00e4nsf\u00f6rs\u00e4kringar p\u00e5 klimatfr\u00e5gan?\nCarl... Klicka h\u00e4r f\u00f6r mer info!<\/a><\/span>\n                <\/div>\n            <\/div>\n            <div class=\"ml-3\">\n                <a class='wpdm-download-link download-on-click btn btn-primary btn-sm'  rel='nofollow' href='#' data-downloadurl=\"https:\/\/tidansvf.vattenorg.se\/?wpdmpro=lansforsakringars-syn-pa-klimatfragan&wpdmdl=122&refresh=69f637328b5ea1777743666\">Ladda ned<\/a>\n            <\/div>\n        <\/div>\n    <\/div>\n<\/div>\n\n<\/div><div class='col-lg-12 col-md-6 col-12'><div class=\"link-template-default card mb-2\">\n    <div class=\"card-body\">\n        <div class=\"media\">\n            <div class=\"mr-3 img-48\"><img decoding=\"async\" class=\"wpdm_icon\" alt=\"Icon\"   src=\"https:\/\/tidansvf.vattenorg.se\/wp-content\/plugins\/download-manager\/assets\/file-type-icons\/pdf.svg\" \/><\/div>\n            <div class=\"media-body\">\n                <strong class=\"ptitle\">LRF:s syn p\u00e5 klimatfr\u00e5gan<\/strong>\n                <div class=\"text-muted text-small\">\n                     <i class=\"fas fa-hdd color-green\"><\/i> Filstorlek: 1.39 MB\n                     <i class=\"fas fa-copy ml-3 color-blue\"><\/i> Antal nedladdningar: 1283 <br>\n                     <span>Laddades upp: december 22, 2019<\/span><br>\n                     <span><a href=\"https:\/\/tidansvf.vattenorg.se\/?wpdmpro=lrfs-syn-pa-klimatfragan\">S\u00e5 ser Gr\u00f6na n\u00e4ringarna p\u00e5 klimatfr\u00e5gan\nSk\u00f6vde... Klicka h\u00e4r f\u00f6r mer info!<\/a><\/span>\n                <\/div>\n            <\/div>\n            <div class=\"ml-3\">\n                <a class='wpdm-download-link download-on-click btn btn-primary btn-sm'  rel='nofollow' href='#' data-downloadurl=\"https:\/\/tidansvf.vattenorg.se\/?wpdmpro=lrfs-syn-pa-klimatfragan&wpdmdl=124&refresh=69f63732a37a11777743666\">Ladda ned<\/a>\n            <\/div>\n        <\/div>\n    <\/div>\n<\/div>\n\n<\/div><div class='col-lg-12 col-md-6 col-12'><div class=\"link-template-default card mb-2\">\n    <div class=\"card-body\">\n        <div class=\"media\">\n            <div class=\"mr-3 img-48\"><img decoding=\"async\" class=\"wpdm_icon\" alt=\"Icon\"   src=\"https:\/\/tidansvf.vattenorg.se\/wp-content\/plugins\/download-manager\/assets\/file-type-icons\/pdf.svg\" \/><\/div>\n            <div class=\"media-body\">\n                <strong class=\"ptitle\">LST: Milj\u00f6effekter i Tidan<\/strong>\n                <div class=\"text-muted text-small\">\n                     <i class=\"fas fa-hdd color-green\"><\/i> Filstorlek: 1.02 MB\n                     <i class=\"fas fa-copy ml-3 color-blue\"><\/i> Antal nedladdningar: 890 <br>\n                     <span>Laddades upp: december 22, 2019<\/span><br>\n                     <span><a href=\"https:\/\/tidansvf.vattenorg.se\/?wpdmpro=lst-miljoeffekter-i-tidan\">Milj\u00f6effekter i Tidan av \u00f6versv\u00e4mningar och torka\nAgneta... Klicka h\u00e4r f\u00f6r mer info!<\/a><\/span>\n                <\/div>\n            <\/div>\n            <div class=\"ml-3\">\n                <a class='wpdm-download-link download-on-click btn btn-primary btn-sm'  rel='nofollow' href='#' data-downloadurl=\"https:\/\/tidansvf.vattenorg.se\/?wpdmpro=lst-miljoeffekter-i-tidan&wpdmdl=127&refresh=69f63732bb28b1777743666\">Ladda ned<\/a>\n            <\/div>\n        <\/div>\n    <\/div>\n<\/div>\n\n<\/div><div class='col-lg-12 col-md-6 col-12'><div class=\"link-template-default card mb-2\">\n    <div class=\"card-body\">\n        <div class=\"media\">\n            <div class=\"mr-3 img-48\"><img decoding=\"async\" class=\"wpdm_icon\" alt=\"Icon\"   src=\"https:\/\/tidansvf.vattenorg.se\/wp-content\/plugins\/download-manager\/assets\/file-type-icons\/pdf.svg\" \/><\/div>\n            <div class=\"media-body\">\n                <strong class=\"ptitle\">Projekt vattenf\u00f6rvaltning 2011-2012<\/strong>\n                <div class=\"text-muted text-small\">\n                     <i class=\"fas fa-hdd color-green\"><\/i> Filstorlek: 132.15 KB\n                     <i class=\"fas fa-copy ml-3 color-blue\"><\/i> Antal nedladdningar: 1235 <br>\n                     <span>Laddades upp: december 22, 2019<\/span><br>\n                     <span><a href=\"https:\/\/tidansvf.vattenorg.se\/?wpdmpro=projekt-vattenforvaltning-2011-2012\">Modell f\u00f6r kommunernas arbete med vattenf\u00f6rvaltningen\nProjekt... Klicka h\u00e4r f\u00f6r mer info!<\/a><\/span>\n                <\/div>\n            <\/div>\n            <div class=\"ml-3\">\n                <a class='wpdm-download-link download-on-click btn btn-primary btn-sm'  rel='nofollow' href='#' data-downloadurl=\"https:\/\/tidansvf.vattenorg.se\/?wpdmpro=projekt-vattenforvaltning-2011-2012&wpdmdl=129&refresh=69f63732d37fe1777743666\">Ladda ned<\/a>\n            <\/div>\n        <\/div>\n    <\/div>\n<\/div>\n\n<\/div><div class='col-lg-12 col-md-6 col-12'><div class=\"link-template-default card mb-2\">\n    <div class=\"card-body\">\n        <div class=\"media\">\n            <div class=\"mr-3 img-48\"><img decoding=\"async\" class=\"wpdm_icon\" alt=\"Icon\"   src=\"https:\/\/tidansvf.vattenorg.se\/wp-content\/plugins\/download-manager\/assets\/file-type-icons\/pdf.svg\" \/><\/div>\n            <div class=\"media-body\">\n                <strong class=\"ptitle\">2008 - Klimatf\u00f6r\u00e4ndringarnas p\u00e5verkan p\u00e5 Tidans vattensystem: Program<\/strong>\n                <div class=\"text-muted text-small\">\n                     <i class=\"fas fa-hdd color-green\"><\/i> Filstorlek: 935.24 KB\n                     <i class=\"fas fa-copy ml-3 color-blue\"><\/i> Antal nedladdningar: 1168 <br>\n                     <span>Laddades upp: december 22, 2019<\/span><br>\n                     <span><a href=\"https:\/\/tidansvf.vattenorg.se\/?wpdmpro=klimat-och-miljo-i-tidan-program-2008\">Klimatf\u00f6r\u00e4ndringarnas p\u00e5verkan p\u00e5 Tidans vattensystem\nKyrkans... Klicka h\u00e4r f\u00f6r mer info!<\/a><\/span>\n                <\/div>\n            <\/div>\n            <div class=\"ml-3\">\n                <a class='wpdm-download-link download-on-click btn btn-primary btn-sm'  rel='nofollow' href='#' data-downloadurl=\"https:\/\/tidansvf.vattenorg.se\/?wpdmpro=klimat-och-miljo-i-tidan-program-2008&wpdmdl=131&refresh=69f63732ec2c91777743666\">Ladda ned<\/a>\n            <\/div>\n        <\/div>\n    <\/div>\n<\/div>\n\n<\/div><div class='col-lg-12 col-md-6 col-12'><div class=\"link-template-default card mb-2\">\n    <div class=\"card-body\">\n        <div class=\"media\">\n            <div class=\"mr-3 img-48\"><img decoding=\"async\" class=\"wpdm_icon\" alt=\"Icon\"   src=\"https:\/\/tidansvf.vattenorg.se\/wp-content\/plugins\/download-manager\/assets\/file-type-icons\/pdf.svg\" \/><\/div>\n            <div class=\"media-body\">\n                <strong class=\"ptitle\">R\u00e4ddningsverket: Hur kan vi f\u00f6rbereda oss?<\/strong>\n                <div class=\"text-muted text-small\">\n                     <i class=\"fas fa-hdd color-green\"><\/i> Filstorlek: 3.63 MB\n                     <i class=\"fas fa-copy ml-3 color-blue\"><\/i> Antal nedladdningar: 1961 <br>\n                     <span>Laddades upp: december 22, 2019<\/span><br>\n                     <span><a href=\"https:\/\/tidansvf.vattenorg.se\/?wpdmpro=raddningsverket-hur-kan-vi-forbereda-oss\">\u00d6versiktlig \u00f6versv\u00e4mningskartering utmed Tidan.... Klicka h\u00e4r f\u00f6r mer info!<\/a><\/span>\n                <\/div>\n            <\/div>\n            <div class=\"ml-3\">\n                <a class='wpdm-download-link download-on-click btn btn-primary btn-sm'  rel='nofollow' href='#' data-downloadurl=\"https:\/\/tidansvf.vattenorg.se\/?wpdmpro=raddningsverket-hur-kan-vi-forbereda-oss&wpdmdl=133&refresh=69f637330f7f61777743667\">Ladda ned<\/a>\n            <\/div>\n        <\/div>\n    <\/div>\n<\/div>\n\n<\/div><div class='col-lg-12 col-md-6 col-12'><div class=\"link-template-default card mb-2\">\n    <div class=\"card-body\">\n        <div class=\"media\">\n            <div class=\"mr-3 img-48\"><img decoding=\"async\" class=\"wpdm_icon\" alt=\"Icon\"   src=\"https:\/\/tidansvf.vattenorg.se\/wp-content\/plugins\/download-manager\/assets\/file-type-icons\/pdf.svg\" \/><\/div>\n            <div class=\"media-body\">\n                <strong class=\"ptitle\">SMHI: Klimatf\u00f6r\u00e4ndringar<\/strong>\n                <div class=\"text-muted text-small\">\n                     <i class=\"fas fa-hdd color-green\"><\/i> Filstorlek: 3.03 MB\n                     <i class=\"fas fa-copy ml-3 color-blue\"><\/i> Antal nedladdningar: 1376 <br>\n                     <span>Laddades upp: december 22, 2019<\/span><br>\n                     <span><a href=\"https:\/\/tidansvf.vattenorg.se\/?wpdmpro=smhi-de-globala-klimatforandringarna-och-dess-konsekvenser\">De Globala Klimatf\u00f6r\u00e4ndringarna och dess konsekvenser\n... Klicka h\u00e4r f\u00f6r mer info!<\/a><\/span>\n                <\/div>\n            <\/div>\n            <div class=\"ml-3\">\n                <a class='wpdm-download-link download-on-click btn btn-primary btn-sm'  rel='nofollow' href='#' data-downloadurl=\"https:\/\/tidansvf.vattenorg.se\/?wpdmpro=smhi-de-globala-klimatforandringarna-och-dess-konsekvenser&wpdmdl=135&refresh=69f6373326faa1777743667\">Ladda ned<\/a>\n            <\/div>\n        <\/div>\n    <\/div>\n<\/div>\n\n<\/div><div class='col-lg-12 col-md-6 col-12'><div class=\"link-template-default card mb-2\">\n    <div class=\"card-body\">\n        <div class=\"media\">\n            <div class=\"mr-3 img-48\"><img decoding=\"async\" class=\"wpdm_icon\" alt=\"Icon\"   src=\"https:\/\/tidansvf.vattenorg.se\/wp-content\/plugins\/download-manager\/assets\/file-type-icons\/pdf.svg\" \/><\/div>\n            <div class=\"media-body\">\n                <strong class=\"ptitle\">Tibro kommun: Vad h\u00e4nde i Tibro den 8 juli?<\/strong>\n                <div class=\"text-muted text-small\">\n                     <i class=\"fas fa-hdd color-green\"><\/i> Filstorlek: 458.56 KB\n                     <i class=\"fas fa-copy ml-3 color-blue\"><\/i> Antal nedladdningar: 1073 <br>\n                     <span>Laddades upp: december 22, 2019<\/span><br>\n                     <span><a href=\"https:\/\/tidansvf.vattenorg.se\/?wpdmpro=tibro-kommun-vad-hande-i-tibro-den-8-juli\">Svante Andr\u00e9n\n... Klicka h\u00e4r f\u00f6r mer info!<\/a><\/span>\n                <\/div>\n            <\/div>\n            <div class=\"ml-3\">\n                <a class='wpdm-download-link download-on-click btn btn-primary btn-sm'  rel='nofollow' href='#' data-downloadurl=\"https:\/\/tidansvf.vattenorg.se\/?wpdmpro=tibro-kommun-vad-hande-i-tibro-den-8-juli&wpdmdl=137&refresh=69f637333eefa1777743667\">Ladda ned<\/a>\n            <\/div>\n        <\/div>\n    <\/div>\n<\/div>\n\n<\/div><div class='col-lg-12 col-md-6 col-12'><div class=\"link-template-default card mb-2\">\n    <div class=\"card-body\">\n        <div class=\"media\">\n            <div class=\"mr-3 img-48\"><img decoding=\"async\" class=\"wpdm_icon\" alt=\"Icon\"   src=\"https:\/\/tidansvf.vattenorg.se\/wp-content\/plugins\/download-manager\/assets\/file-type-icons\/pdf.svg\" \/><\/div>\n            <div class=\"media-body\">\n                <strong class=\"ptitle\">Vattenmyndigheten V\u00e4sterhavet: EU\u00b4s vattendirektiv<\/strong>\n                <div class=\"text-muted text-small\">\n                     <i class=\"fas fa-hdd color-green\"><\/i> Filstorlek: 2.15 MB\n                     <i class=\"fas fa-copy ml-3 color-blue\"><\/i> Antal nedladdningar: 1249 <br>\n                     <span>Laddades upp: december 22, 2019<\/span><br>\n                     <span><a href=\"https:\/\/tidansvf.vattenorg.se\/?wpdmpro=vattenmyndigheten-vasterhavet-eus-vattendirektiv\">EU\u00b4s vattendirektiv - Vad inneb\u00e4r det f\u00f6r kommunen?\nRagnar... Klicka h\u00e4r f\u00f6r mer info!<\/a><\/span>\n                <\/div>\n            <\/div>\n            <div class=\"ml-3\">\n                <a class='wpdm-download-link download-on-click btn btn-primary btn-sm'  rel='nofollow' href='#' data-downloadurl=\"https:\/\/tidansvf.vattenorg.se\/?wpdmpro=vattenmyndigheten-vasterhavet-eus-vattendirektiv&wpdmdl=139&refresh=69f6373356b201777743667\">Ladda ned<\/a>\n            <\/div>\n        <\/div>\n    <\/div>\n<\/div>\n\n<\/div><\/div>            <div style='clear:both'><\/div><div class='text-center'><ul class='pagination wpdm-pagination pagination-centered text-center'><li><span aria-current=\"page\" class=\"page-numbers current\">1<\/span><\/li><li><a  data-container='#content_wpdm_package_1' class=\"page-numbers\" href=\"https:\/\/tidansvf.vattenorg.se\/index.php\/?cp=2&#038;rest_route=%2Fwp%2Fv2%2Fpages%2F236\">2<\/a><\/li><li><a  data-container='#content_wpdm_package_1' class=\"next page-numbers\" href=\"https:\/\/tidansvf.vattenorg.se\/index.php\/?cp=2&#038;rest_route=%2Fwp%2Fv2%2Fpages%2F236\"> <i style=\"display: inline-block;width: 8px;height: 8px;border-right: 2px solid;border-top: 2px solid;transform: rotate(45deg);margin-left: -2px;margin-top: -2px;\"><\/i> <\/a><\/li><\/ul><\/div><div style='clear:both'><\/div>        <\/div>\n\n        <div style='clear:both'><\/div>\n    <\/div>\n<\/div>\n\n","protected":false},"excerpt":{"rendered":"","protected":false},"author":1,"featured_media":0,"parent":80,"menu_order":0,"comment_status":"closed","ping_status":"closed","template":"","meta":{"footnotes":""},"class_list":["post-236","page","type-page","status-publish","hentry"],"_links":{"self":[{"href":"https:\/\/tidansvf.vattenorg.se\/index.php?rest_route=\/wp\/v2\/pages\/236","targetHints":{"allow":["GET"]}}],"collection":[{"href":"https:\/\/tidansvf.vattenorg.se\/index.php?rest_route=\/wp\/v2\/pages"}],"about":[{"href":"https:\/\/tidansvf.vattenorg.se\/index.php?rest_route=\/wp\/v2\/types\/page"}],"author":[{"embeddable":true,"href":"https:\/\/tidansvf.vattenorg.se\/index.php?rest_route=\/wp\/v2\/users\/1"}],"replies":[{"embeddable":true,"href":"https:\/\/tidansvf.vattenorg.se\/index.php?rest_route=%2Fwp%2Fv2%2Fcomments&post=236"}],"version-history":[{"count":3,"href":"https:\/\/tidansvf.vattenorg.se\/index.php?rest_route=\/wp\/v2\/pages\/236\/revisions"}],"predecessor-version":[{"id":292,"href":"https:\/\/tidansvf.vattenorg.se\/index.php?rest_route=\/wp\/v2\/pages\/236\/revisions\/292"}],"up":[{"embeddable":true,"href":"https:\/\/tidansvf.vattenorg.se\/index.php?rest_route=\/wp\/v2\/pages\/80"}],"wp:attachment":[{"href":"https:\/\/tidansvf.vattenorg.se\/index.php?rest_route=%2Fwp%2Fv2%2Fmedia&parent=236"}],"curies":[{"name":"wp","href":"https:\/\/api.w.org\/{rel}","templated":true}]}}