{"id":25,"date":"2019-11-25T18:34:21","date_gmt":"2019-11-25T18:34:21","guid":{"rendered":"https:\/\/tidansvf.vattenorg.se\/?page_id=25"},"modified":"2019-12-22T21:26:36","modified_gmt":"2019-12-22T21:26:36","slug":"om","status":"publish","type":"page","link":"https:\/\/tidansvf.vattenorg.se\/?page_id=25","title":{"rendered":"Om oss"},"content":{"rendered":"\n<p>H\u00e4r finns information om:<\/p>\n\n\n\n<p><a href=\"https:\/\/tidansvf.vattenorg.se\/?page_id=21\">Tidan<\/a><\/p>\n\n\n\n<p><a href=\"https:\/\/tidansvf.vattenorg.se\/?page_id=44\">F\u00f6rbundet<\/a><\/p>\n\n\n\n<p><a href=\"https:\/\/tidansvf.vattenorg.se\/?page_id=34\">Vattenr\u00e5det<\/a><\/p>\n\n\n\n<p><a href=\"https:\/\/tidansvf.vattenorg.se\/?page_id=46\">\u00d6vervakningen<\/a><\/p>\n","protected":false},"excerpt":{"rendered":"<p>H\u00e4r finns information om: Tidan F\u00f6rbundet Vattenr\u00e5det \u00d6vervakningen<\/p>\n","protected":false},"author":1,"featured_media":0,"parent":0,"menu_order":1,"comment_status":"closed","ping_status":"closed","template":"","meta":{"footnotes":""},"class_list":["post-25","page","type-page","status-publish","hentry"],"_links":{"self":[{"href":"https:\/\/tidansvf.vattenorg.se\/index.php?rest_route=\/wp\/v2\/pages\/25","targetHints":{"allow":["GET"]}}],"collection":[{"href":"https:\/\/tidansvf.vattenorg.se\/index.php?rest_route=\/wp\/v2\/pages"}],"about":[{"href":"https:\/\/tidansvf.vattenorg.se\/index.php?rest_route=\/wp\/v2\/types\/page"}],"author":[{"embeddable":true,"href":"https:\/\/tidansvf.vattenorg.se\/index.php?rest_route=\/wp\/v2\/users\/1"}],"replies":[{"embeddable":true,"href":"https:\/\/tidansvf.vattenorg.se\/index.php?rest_route=%2Fwp%2Fv2%2Fcomments&post=25"}],"version-history":[{"count":7,"href":"https:\/\/tidansvf.vattenorg.se\/index.php?rest_route=\/wp\/v2\/pages\/25\/revisions"}],"predecessor-version":[{"id":242,"href":"https:\/\/tidansvf.vattenorg.se\/index.php?rest_route=\/wp\/v2\/pages\/25\/revisions\/242"}],"wp:attachment":[{"href":"https:\/\/tidansvf.vattenorg.se\/index.php?rest_route=%2Fwp%2Fv2%2Fmedia&parent=25"}],"curies":[{"name":"wp","href":"https:\/\/api.w.org\/{rel}","templated":true}]}}