{"id":34,"date":"2019-11-25T18:40:58","date_gmt":"2019-11-25T18:40:58","guid":{"rendered":"https:\/\/tidansvf.vattenorg.se\/?page_id=34"},"modified":"2019-12-28T20:08:38","modified_gmt":"2019-12-28T20:08:38","slug":"vattenradet","status":"publish","type":"page","link":"https:\/\/tidansvf.vattenorg.se\/?page_id=34","title":{"rendered":"Vattenr\u00e5det"},"content":{"rendered":"\n<h4 class=\"wp-block-heading\">Allm\u00e4nt om Tidans vattenr\u00e5d<\/h4>\n\n\n\n<div class=\"wp-block-image\"><figure class=\"alignright size-large is-resized\"><img loading=\"lazy\" decoding=\"async\" src=\"https:\/\/tidansvf.vattenorg.se\/wp-content\/uploads\/2019\/12\/168-Vaholm-Kopia-565x1024.jpg\" alt=\"Vaholm\" class=\"wp-image-328\" width=\"187\" height=\"339\" srcset=\"https:\/\/tidansvf.vattenorg.se\/wp-content\/uploads\/2019\/12\/168-Vaholm-Kopia-565x1024.jpg 565w, https:\/\/tidansvf.vattenorg.se\/wp-content\/uploads\/2019\/12\/168-Vaholm-Kopia-165x300.jpg 165w, https:\/\/tidansvf.vattenorg.se\/wp-content\/uploads\/2019\/12\/168-Vaholm-Kopia-660x1197.jpg 660w, https:\/\/tidansvf.vattenorg.se\/wp-content\/uploads\/2019\/12\/168-Vaholm-Kopia.jpg 661w\" sizes=\"auto, (max-width: 187px) 100vw, 187px\" \/><figcaption>Station 168 vid Vaholm<\/figcaption><\/figure><\/div>\n\n\n\n<p>Tidans Vattenr\u00e5d bildades 2007. D\u00e5 det fanns ett fungerande Tidans Vattenf\u00f6rbund var det naturligt att se det som en uppgift inom det befintliga f\u00f6rbundet att arbeta med vattendirektivet och att bilda ett Vattenr\u00e5d. F\u00f6rbundet representerade m\u00e5nga av de n\u00e4ringar (jordbruk, kommuner, industrier m.m.) inom avrinningsomr\u00e5det som p\u00e5verkar Tidans vatten, men det fanns \u00e4nd\u00e5 anledning att ut\u00f6ka med n\u00e5gra organisationer och intressen som inte finns representerade i f\u00f6rbundet, t.ex. skogsbruk samt natur- och friluftslivsintresset. Syftet med ett vattenr\u00e5d \u00e4r enligt vattendirektivet att det ska verka f\u00f6r en f\u00f6rb\u00e4ttrad lokal samverkan mellan olika akt\u00f6rer i arbetet med att genomf\u00f6ra av Vattenmyndigheten beslutade \u00e5tg\u00e4rdsprogram. Tanken \u00e4r att gemensamma l\u00f6sningar och \u00e5tg\u00e4rder i samf\u00f6rst\u00e5nd \u00e4r det b\u00e4sta s\u00e4ttet att \u00e5stadkomma en f\u00f6rb\u00e4ttrad vattenmilj\u00f6. Vattenf\u00f6rbundet och vattenr\u00e5det har en gemensam styrelse, men vattenr\u00e5dets ekonomi hanteras separat. I dagsl\u00e4get finansieras vattenr\u00e5det av statliga bidrag fr\u00e5n Vattenmyndigheten.<\/p>\n\n\n\n<p>Ladda ner Tidans vattenr\u00e5ds  <a target='_blank'      href='https:\/\/tidansvf.vattenorg.se\/?wpdmdl=113'>verksamhetsplan<\/a>.<\/p>\n","protected":false},"excerpt":{"rendered":"<p>Allm\u00e4nt om Tidans vattenr\u00e5d Tidans Vattenr\u00e5d bildades 2007. D\u00e5 det fanns ett fungerande Tidans Vattenf\u00f6rbund var det naturligt att se det som en uppgift inom det befintliga f\u00f6rbundet att arbeta med vattendirektivet och att bilda ett Vattenr\u00e5d. F\u00f6rbundet representerade m\u00e5nga av de n\u00e4ringar (jordbruk, kommuner, industrier m.m.) inom avrinningsomr\u00e5det som p\u00e5verkar Tidans vatten, men det\u2026 <span class=\"read-more\"><a href=\"https:\/\/tidansvf.vattenorg.se\/?page_id=34\">L\u00e4s mer &raquo;<\/a><\/span><\/p>\n","protected":false},"author":1,"featured_media":0,"parent":25,"menu_order":3,"comment_status":"closed","ping_status":"closed","template":"","meta":{"footnotes":""},"class_list":["post-34","page","type-page","status-publish","hentry"],"_links":{"self":[{"href":"https:\/\/tidansvf.vattenorg.se\/index.php?rest_route=\/wp\/v2\/pages\/34","targetHints":{"allow":["GET"]}}],"collection":[{"href":"https:\/\/tidansvf.vattenorg.se\/index.php?rest_route=\/wp\/v2\/pages"}],"about":[{"href":"https:\/\/tidansvf.vattenorg.se\/index.php?rest_route=\/wp\/v2\/types\/page"}],"author":[{"embeddable":true,"href":"https:\/\/tidansvf.vattenorg.se\/index.php?rest_route=\/wp\/v2\/users\/1"}],"replies":[{"embeddable":true,"href":"https:\/\/tidansvf.vattenorg.se\/index.php?rest_route=%2Fwp%2Fv2%2Fcomments&post=34"}],"version-history":[{"count":4,"href":"https:\/\/tidansvf.vattenorg.se\/index.php?rest_route=\/wp\/v2\/pages\/34\/revisions"}],"predecessor-version":[{"id":329,"href":"https:\/\/tidansvf.vattenorg.se\/index.php?rest_route=\/wp\/v2\/pages\/34\/revisions\/329"}],"up":[{"embeddable":true,"href":"https:\/\/tidansvf.vattenorg.se\/index.php?rest_route=\/wp\/v2\/pages\/25"}],"wp:attachment":[{"href":"https:\/\/tidansvf.vattenorg.se\/index.php?rest_route=%2Fwp%2Fv2%2Fmedia&parent=34"}],"curies":[{"name":"wp","href":"https:\/\/api.w.org\/{rel}","templated":true}]}}