{"id":44,"date":"2019-11-25T18:58:11","date_gmt":"2019-11-25T18:58:11","guid":{"rendered":"https:\/\/tidansvf.vattenorg.se\/?page_id=44"},"modified":"2020-08-18T18:10:35","modified_gmt":"2020-08-18T18:10:35","slug":"forbundet","status":"publish","type":"page","link":"https:\/\/tidansvf.vattenorg.se\/?page_id=44","title":{"rendered":"F\u00f6rbundet"},"content":{"rendered":"\n<h4 class=\"wp-block-heading\">Mer om f\u00f6rbundet<\/h4>\n\n\n\n<p><strong>F\u00f6rbundets uppgifter:<\/strong><\/p>\n\n\n\n<ol class=\"wp-block-list\"><li>Att genom vattenv\u00e5rdande \u00e5tg\u00e4rder fr\u00e4mja ett fr\u00e5n allm\u00e4n eller enskild synpunkt \u00e4ndam\u00e5lsenligt utnyttjande av vattnet.<\/li><li>Med ett fast provtagningsprogram genomf\u00f6r f\u00f6rbundet s\u00e5v\u00e4l kemiska som biologiska unders\u00f6kningar i ett stort antal provpunkter. <\/li><li>Genom att fortl\u00f6pande f\u00f6lja vattnets kvalitet och de f\u00f6r\u00e4ndringar som sker ge en bra bild av de f\u00f6rh\u00e5llanden som r\u00e5der i vattensystemet. <\/li><\/ol>\n\n\n\n<p>Resultaten visar om insatta \u00e5tg\u00e4rder haft avsedd effekt eller om ytterligare \u00e5tg\u00e4rder beh\u00f6vs f\u00f6r att f\u00f6rb\u00e4ttra f\u00f6rh\u00e5llandena. F\u00f6rbundet genomf\u00f6r ocks\u00e5 rensningar, restaureringar och \u00e5tg\u00e4rder f\u00f6r att underl\u00e4tta fiskvandring i vattendragen.\n\n<\/p>\n\n\n\n<figure class=\"wp-block-image size-large\"><img loading=\"lazy\" decoding=\"async\" width=\"1024\" height=\"408\" src=\"https:\/\/tidansvf.vattenorg.se\/wp-content\/uploads\/2019\/12\/174-Odens\u00e5ker-Kopia-1024x408.jpg\" alt=\"Odens\u00e5ker\" class=\"wp-image-322\" srcset=\"https:\/\/tidansvf.vattenorg.se\/wp-content\/uploads\/2019\/12\/174-Odens\u00e5ker-Kopia-1024x408.jpg 1024w, https:\/\/tidansvf.vattenorg.se\/wp-content\/uploads\/2019\/12\/174-Odens\u00e5ker-Kopia-300x120.jpg 300w, https:\/\/tidansvf.vattenorg.se\/wp-content\/uploads\/2019\/12\/174-Odens\u00e5ker-Kopia-768x306.jpg 768w, https:\/\/tidansvf.vattenorg.se\/wp-content\/uploads\/2019\/12\/174-Odens\u00e5ker-Kopia-1536x612.jpg 1536w, https:\/\/tidansvf.vattenorg.se\/wp-content\/uploads\/2019\/12\/174-Odens\u00e5ker-Kopia-660x263.jpg 660w, https:\/\/tidansvf.vattenorg.se\/wp-content\/uploads\/2019\/12\/174-Odens\u00e5ker-Kopia.jpg 1596w\" sizes=\"auto, (max-width: 1024px) 100vw, 1024px\" \/><\/figure>\n\n\n\n<p>F\u00f6rbundets vision kan laddas ned\u00a0 <a target='_blank'      href='https:\/\/tidansvf.vattenorg.se\/?wpdmdl=278'>h\u00e4r<\/a>.<\/p>\n\n\n\n<p>F\u00f6rbundets underh\u00e5llsplan 2021-2030 kan laddas ned <a target='_blank'      href='https:\/\/tidansvf.vattenorg.se\/?wpdmdl=437'>h\u00e4r<\/a>.<\/p>\n","protected":false},"excerpt":{"rendered":"<p>Mer om f\u00f6rbundet F\u00f6rbundets uppgifter: Att genom vattenv\u00e5rdande \u00e5tg\u00e4rder fr\u00e4mja ett fr\u00e5n allm\u00e4n eller enskild synpunkt \u00e4ndam\u00e5lsenligt utnyttjande av vattnet. Med ett fast provtagningsprogram genomf\u00f6r f\u00f6rbundet s\u00e5v\u00e4l kemiska som biologiska unders\u00f6kningar i ett stort antal provpunkter. Genom att fortl\u00f6pande f\u00f6lja vattnets kvalitet och de f\u00f6r\u00e4ndringar som sker ge en bra bild av de f\u00f6rh\u00e5llanden som\u2026 <span class=\"read-more\"><a href=\"https:\/\/tidansvf.vattenorg.se\/?page_id=44\">L\u00e4s mer &raquo;<\/a><\/span><\/p>\n","protected":false},"author":1,"featured_media":0,"parent":25,"menu_order":2,"comment_status":"closed","ping_status":"closed","template":"","meta":{"footnotes":""},"class_list":["post-44","page","type-page","status-publish","hentry"],"_links":{"self":[{"href":"https:\/\/tidansvf.vattenorg.se\/index.php?rest_route=\/wp\/v2\/pages\/44","targetHints":{"allow":["GET"]}}],"collection":[{"href":"https:\/\/tidansvf.vattenorg.se\/index.php?rest_route=\/wp\/v2\/pages"}],"about":[{"href":"https:\/\/tidansvf.vattenorg.se\/index.php?rest_route=\/wp\/v2\/types\/page"}],"author":[{"embeddable":true,"href":"https:\/\/tidansvf.vattenorg.se\/index.php?rest_route=\/wp\/v2\/users\/1"}],"replies":[{"embeddable":true,"href":"https:\/\/tidansvf.vattenorg.se\/index.php?rest_route=%2Fwp%2Fv2%2Fcomments&post=44"}],"version-history":[{"count":10,"href":"https:\/\/tidansvf.vattenorg.se\/index.php?rest_route=\/wp\/v2\/pages\/44\/revisions"}],"predecessor-version":[{"id":439,"href":"https:\/\/tidansvf.vattenorg.se\/index.php?rest_route=\/wp\/v2\/pages\/44\/revisions\/439"}],"up":[{"embeddable":true,"href":"https:\/\/tidansvf.vattenorg.se\/index.php?rest_route=\/wp\/v2\/pages\/25"}],"wp:attachment":[{"href":"https:\/\/tidansvf.vattenorg.se\/index.php?rest_route=%2Fwp%2Fv2%2Fmedia&parent=44"}],"curies":[{"name":"wp","href":"https:\/\/api.w.org\/{rel}","templated":true}]}}