{"id":46,"date":"2019-11-25T19:01:31","date_gmt":"2019-11-25T19:01:31","guid":{"rendered":"https:\/\/tidansvf.vattenorg.se\/?page_id=46"},"modified":"2026-03-03T18:55:22","modified_gmt":"2026-03-03T18:55:22","slug":"overvakningen","status":"publish","type":"page","link":"https:\/\/tidansvf.vattenorg.se\/?page_id=46","title":{"rendered":"\u00d6vervakningen"},"content":{"rendered":"\n<h4 class=\"wp-block-heading\">Recipientkontrollen<\/h4>\n\n\n<div class=\"wp-block-image\">\n<figure class=\"alignleft size-large is-resized\"><img loading=\"lazy\" decoding=\"async\" width=\"100\" height=\"140\" src=\"https:\/\/tidansvf.vattenorg.se\/wp-content\/uploads\/2019\/11\/logga.gif\" alt=\"Logga\" class=\"wp-image-47\" style=\"width:119px;height:167px\"\/><\/figure>\n<\/div>\n\n\n<p>F\u00f6rbundet har hand om den samordnade recipientkontrollen som fastst\u00e4lls av l\u00e4nsstyrelsen. Provtagning och analyser ombes\u00f6rjs f\u00f6r n\u00e4rvarande av <a href=\"https:\/\/www.sgsgroup.se\/en\/campaigns\/sgs-analytics-sweden\" target=\"_blank\" rel=\"noreferrer noopener\">SGS Analytics Sweden<\/a>. Laboratoriet l\u00e4mnar ocks\u00e5 en \u00e5rlig rapport med kommentarer till unders\u00f6kningarna. Recipientkontrollen omfattar fysikalisk-kemisk unders\u00f6kning tre till tolv g\u00e5nger per \u00e5r p\u00e5 f\u00f6r n\u00e4rvarande 36 platser. Dessutom g\u00f6rs speciella unders\u00f6kningar av bottenfauna och metallhalter. Vattenf\u00f6ringsuppgifter erh\u00e5lles i samarbete med SMHI. Mer information om \u00f6vervakningen och vattenf\u00f6rekomsterna finns hos <a aria-label=\"https:\/\/viss.lansstyrelsen.se\/Monitoringprograms.aspx?monitoringProgramID=271 (\u00f6ppnas i en ny flik)\" href=\"https:\/\/viss.lansstyrelsen.se\/Monitoringprograms.aspx?monitoringProgramID=271\" target=\"_blank\" rel=\"noreferrer noopener\">VISS<\/a>. Data fr\u00e5n \u00f6vervakningen finns p\u00e5 en <a aria-label=\"interaktiv karta (\u00f6ppnas i en ny flik)\" href=\"http:\/\/tidansvf.vattenorg.se\/osm\/tidankarta.php\" target=\"_blank\" rel=\"noreferrer noopener\">interaktiv karta<\/a> och hos <a href=\"https:\/\/miljodata.slu.se\/MVM\/Query?studies=166\">datav\u00e4rden<\/a>.<\/p>\n\n\n\n<h4 class=\"wp-block-heading\">Hur m\u00e5r Tidan?<\/h4>\n\n\n\n<p>Generellt l\u00e5ga kv\u00e4ve- och fosforhalter uppm\u00e4ts h\u00f6gt upp i systemet och motsvarande mycket h\u00f6ga halter l\u00e4ngre nedstr\u00f6ms. En tydlig \u00f6kning av ammoniumkv\u00e4ve kan noteras direkt nedstr\u00f6ms kommunala avloppsutsl\u00e4pp.<\/p>\n\n\n\n<p>De mest n\u00e4ringsbelastade tillfl\u00f6dena \u00e4r Djuran, F\u00e4greb\u00e4cken, \u00d6mbo\u00e5n, \u00d6san och Kr\u00e4ft\u00e5n. Tidan nedstr\u00f6ms Tibro \u00e4r ocks\u00e5 mycket h\u00f6gt n\u00e4ringsbelastad. \u00d6mbo\u00e5n, \u00d6san och Djuran \u00e4r periodvis extremt n\u00e4ringsbelastade.<\/p>\n\n\n\n<p>Fosfortransporten i Tidans nedre del visar en reell kontinuerlig minskning fr\u00e5n och med slutet av 1970-talet. Utbyggnaden av de kommunala reningsverken skedde huvudsakligen under b\u00f6rjan av 1970-talet. Den fortsatta minskningen beror troligen av effektivare rening i kommunernas avloppsreningsverk och en \u00f6verg\u00e5ng till tv\u00e4tt- och diskmedel med l\u00e4gre halter av fosfor i hush\u00e5ll med enskilda avloppsanl\u00e4ggningar samt i mj\u00f6lkg\u00e5rdarnas diskrum.<\/p>\n\n\n\n<p>Kv\u00e4vetransporten i Tidans nedre del visar ingen eller obetydlig tendens till minskning.<\/p>\n","protected":false},"excerpt":{"rendered":"<p>Recipientkontrollen F\u00f6rbundet har hand om den samordnade recipientkontrollen som fastst\u00e4lls av l\u00e4nsstyrelsen. Provtagning och analyser ombes\u00f6rjs f\u00f6r n\u00e4rvarande av SGS Analytics Sweden. Laboratoriet l\u00e4mnar ocks\u00e5 en \u00e5rlig rapport med kommentarer till unders\u00f6kningarna. Recipientkontrollen omfattar fysikalisk-kemisk unders\u00f6kning tre till tolv g\u00e5nger per \u00e5r p\u00e5 f\u00f6r n\u00e4rvarande 36 platser. Dessutom g\u00f6rs speciella unders\u00f6kningar av bottenfauna och metallhalter.\u2026 <span class=\"read-more\"><a href=\"https:\/\/tidansvf.vattenorg.se\/?page_id=46\">L\u00e4s mer &raquo;<\/a><\/span><\/p>\n","protected":false},"author":1,"featured_media":0,"parent":25,"menu_order":4,"comment_status":"closed","ping_status":"closed","template":"","meta":{"footnotes":""},"class_list":["post-46","page","type-page","status-publish","hentry"],"_links":{"self":[{"href":"https:\/\/tidansvf.vattenorg.se\/index.php?rest_route=\/wp\/v2\/pages\/46","targetHints":{"allow":["GET"]}}],"collection":[{"href":"https:\/\/tidansvf.vattenorg.se\/index.php?rest_route=\/wp\/v2\/pages"}],"about":[{"href":"https:\/\/tidansvf.vattenorg.se\/index.php?rest_route=\/wp\/v2\/types\/page"}],"author":[{"embeddable":true,"href":"https:\/\/tidansvf.vattenorg.se\/index.php?rest_route=\/wp\/v2\/users\/1"}],"replies":[{"embeddable":true,"href":"https:\/\/tidansvf.vattenorg.se\/index.php?rest_route=%2Fwp%2Fv2%2Fcomments&post=46"}],"version-history":[{"count":8,"href":"https:\/\/tidansvf.vattenorg.se\/index.php?rest_route=\/wp\/v2\/pages\/46\/revisions"}],"predecessor-version":[{"id":816,"href":"https:\/\/tidansvf.vattenorg.se\/index.php?rest_route=\/wp\/v2\/pages\/46\/revisions\/816"}],"up":[{"embeddable":true,"href":"https:\/\/tidansvf.vattenorg.se\/index.php?rest_route=\/wp\/v2\/pages\/25"}],"wp:attachment":[{"href":"https:\/\/tidansvf.vattenorg.se\/index.php?rest_route=%2Fwp%2Fv2%2Fmedia&parent=46"}],"curies":[{"name":"wp","href":"https:\/\/api.w.org\/{rel}","templated":true}]}}