{"id":53,"date":"2019-11-25T19:56:17","date_gmt":"2019-11-25T19:56:17","guid":{"rendered":"https:\/\/tidansvf.vattenorg.se\/?page_id=53"},"modified":"2019-12-28T20:14:52","modified_gmt":"2019-12-28T20:14:52","slug":"tidanoring","status":"publish","type":"page","link":"https:\/\/tidansvf.vattenorg.se\/?page_id=53","title":{"rendered":"Tidan\u00f6ring"},"content":{"rendered":"\n<div class=\"wp-block-image\"><figure class=\"alignright size-large\"><img loading=\"lazy\" decoding=\"async\" width=\"250\" height=\"172\" src=\"https:\/\/tidansvf.vattenorg.se\/wp-content\/uploads\/2019\/11\/oring.jpg\" alt=\"\u00d6ring\" class=\"wp-image-54\"\/><\/figure><\/div>\n\n\n\n<p>Projektet &#8221;Sj\u00f6vandrande Tidan\u00f6ring&#8221; syftar till att f\u00f6rb\u00e4ttra \u00f6ringens m\u00f6jligheter att vandra och leka i Tidan. F\u00f6r att kunna leka och l\u00e4gga sin rom beh\u00f6ver \u00f6ringen str\u00f6mmande och syrerikt vatten samt grusbottnar med r\u00e4tt substrat. Dessa viktiga faktorer ska g\u00e4rna sammanfalla med skuggiga platser. Innan kraftverksdammar byggdes kunde \u00f6ringen vandra upp i vattendragen obehindrat och leka p\u00e5 m\u00e5nga platser i Tidan och dess bifl\u00f6den.<\/p>\n\n\n\n<p><strong>\u00c5tg\u00e4rder<\/strong><br>Inom projektet har fiskv\u00e4gar anlagts f\u00f6rbi flera dammar, som utgjort vandringshinder. Viktiga lek- och uppv\u00e4xtomr\u00e5den har restaurerats. F\u00f6r att hitta fler bra \u00f6ringmilj\u00f6er har en detaljinventering gjorts i Tidans bifl\u00f6den. Man har unders\u00f6kt bottenf\u00f6rh\u00e5llanden och strandvegetation. \u00c4ven uppstr\u00f6ms befintliga vandringshinder har man letat efter bra omr\u00e5den f\u00f6r \u00f6ringen. Idag kan fisken inte n\u00e5 alla sina forna lekplatser vilket f\u00f6rs\u00e4mrar leken och medf\u00f6r att populationerna blivit isolerade.<\/p>\n\n\n\n<p>Klicka <a target='_blank'      href='https:\/\/tidansvf.vattenorg.se\/?wpdmdl=267'>h\u00e4r<\/a> f\u00f6r att l\u00e4sa mer om projektet.<\/p>\n","protected":false},"excerpt":{"rendered":"<p>Projektet &#8221;Sj\u00f6vandrande Tidan\u00f6ring&#8221; syftar till att f\u00f6rb\u00e4ttra \u00f6ringens m\u00f6jligheter att vandra och leka i Tidan. F\u00f6r att kunna leka och l\u00e4gga sin rom beh\u00f6ver \u00f6ringen str\u00f6mmande och syrerikt vatten samt grusbottnar med r\u00e4tt substrat. Dessa viktiga faktorer ska g\u00e4rna sammanfalla med skuggiga platser. Innan kraftverksdammar byggdes kunde \u00f6ringen vandra upp i vattendragen obehindrat och leka\u2026 <span class=\"read-more\"><a href=\"https:\/\/tidansvf.vattenorg.se\/?page_id=53\">L\u00e4s mer &raquo;<\/a><\/span><\/p>\n","protected":false},"author":1,"featured_media":0,"parent":56,"menu_order":0,"comment_status":"closed","ping_status":"closed","template":"","meta":{"footnotes":""},"class_list":["post-53","page","type-page","status-publish","hentry"],"_links":{"self":[{"href":"https:\/\/tidansvf.vattenorg.se\/index.php?rest_route=\/wp\/v2\/pages\/53","targetHints":{"allow":["GET"]}}],"collection":[{"href":"https:\/\/tidansvf.vattenorg.se\/index.php?rest_route=\/wp\/v2\/pages"}],"about":[{"href":"https:\/\/tidansvf.vattenorg.se\/index.php?rest_route=\/wp\/v2\/types\/page"}],"author":[{"embeddable":true,"href":"https:\/\/tidansvf.vattenorg.se\/index.php?rest_route=\/wp\/v2\/users\/1"}],"replies":[{"embeddable":true,"href":"https:\/\/tidansvf.vattenorg.se\/index.php?rest_route=%2Fwp%2Fv2%2Fcomments&post=53"}],"version-history":[{"count":7,"href":"https:\/\/tidansvf.vattenorg.se\/index.php?rest_route=\/wp\/v2\/pages\/53\/revisions"}],"predecessor-version":[{"id":333,"href":"https:\/\/tidansvf.vattenorg.se\/index.php?rest_route=\/wp\/v2\/pages\/53\/revisions\/333"}],"up":[{"embeddable":true,"href":"https:\/\/tidansvf.vattenorg.se\/index.php?rest_route=\/wp\/v2\/pages\/56"}],"wp:attachment":[{"href":"https:\/\/tidansvf.vattenorg.se\/index.php?rest_route=%2Fwp%2Fv2%2Fmedia&parent=53"}],"curies":[{"name":"wp","href":"https:\/\/api.w.org\/{rel}","templated":true}]}}