{"id":56,"date":"2019-11-25T19:59:03","date_gmt":"2019-11-25T19:59:03","guid":{"rendered":"https:\/\/tidansvf.vattenorg.se\/?page_id=56"},"modified":"2021-04-25T16:20:14","modified_gmt":"2021-04-25T16:20:14","slug":"projekt","status":"publish","type":"page","link":"https:\/\/tidansvf.vattenorg.se\/?page_id=56","title":{"rendered":"Projekt"},"content":{"rendered":"\n<p>H\u00e4r finns info om n\u00e5gra av de projekt som utf\u00f6rts i Tidan:<\/p>\n\n\n\n<p><a href=\"https:\/\/tidansvf.vattenorg.se\/?page_id=59\">Minskad \u00f6verg\u00f6dning i Tidan<\/a><\/p>\n\n\n\n<p><a href=\"https:\/\/tidansvf.vattenorg.se\/?page_id=53\">Sj\u00f6vandrande Tidan\u00f6ring<\/a><\/p>\n","protected":false},"excerpt":{"rendered":"<p>H\u00e4r finns info om n\u00e5gra av de projekt som utf\u00f6rts i Tidan: Minskad \u00f6verg\u00f6dning i Tidan Sj\u00f6vandrande Tidan\u00f6ring<\/p>\n","protected":false},"author":1,"featured_media":0,"parent":0,"menu_order":3,"comment_status":"closed","ping_status":"closed","template":"","meta":{"footnotes":""},"class_list":["post-56","page","type-page","status-publish","hentry"],"_links":{"self":[{"href":"https:\/\/tidansvf.vattenorg.se\/index.php?rest_route=\/wp\/v2\/pages\/56","targetHints":{"allow":["GET"]}}],"collection":[{"href":"https:\/\/tidansvf.vattenorg.se\/index.php?rest_route=\/wp\/v2\/pages"}],"about":[{"href":"https:\/\/tidansvf.vattenorg.se\/index.php?rest_route=\/wp\/v2\/types\/page"}],"author":[{"embeddable":true,"href":"https:\/\/tidansvf.vattenorg.se\/index.php?rest_route=\/wp\/v2\/users\/1"}],"replies":[{"embeddable":true,"href":"https:\/\/tidansvf.vattenorg.se\/index.php?rest_route=%2Fwp%2Fv2%2Fcomments&post=56"}],"version-history":[{"count":3,"href":"https:\/\/tidansvf.vattenorg.se\/index.php?rest_route=\/wp\/v2\/pages\/56\/revisions"}],"predecessor-version":[{"id":484,"href":"https:\/\/tidansvf.vattenorg.se\/index.php?rest_route=\/wp\/v2\/pages\/56\/revisions\/484"}],"wp:attachment":[{"href":"https:\/\/tidansvf.vattenorg.se\/index.php?rest_route=%2Fwp%2Fv2%2Fmedia&parent=56"}],"curies":[{"name":"wp","href":"https:\/\/api.w.org\/{rel}","templated":true}]}}